{"id":27,"date":"2015-09-13T01:07:16","date_gmt":"2015-09-13T01:07:16","guid":{"rendered":"http:\/\/90-9fm.com\/wp\/?page_id=27"},"modified":"2024-07-07T13:46:22","modified_gmt":"2024-07-07T18:46:22","slug":"contactenos","status":"publish","type":"page","link":"https:\/\/90-9fm.com\/wp\/contactenos\/","title":{"rendered":"Cont\u00e1ctenos"},"content":{"rendered":"<p>Si desea comunicarse con nosotros, solicitar informaci\u00f3n, realizar denuncias o consultar tar\u00edfas, dirijase a nosotros a trav\u00e9z de este formulario y correo electr\u00f3nico:<\/p>\n\n<div class=\"wpcf7 no-js\" id=\"wpcf7-f124-o1\" lang=\"es-ES\" dir=\"ltr\" data-wpcf7-id=\"124\">\n<div class=\"screen-reader-response\"><p role=\"status\" aria-live=\"polite\" aria-atomic=\"true\"><\/p> <ul><\/ul><\/div>\n<form action=\"\/wp\/wp-json\/wp\/v2\/pages\/27#wpcf7-f124-o1\" method=\"post\" class=\"wpcf7-form init\" aria-label=\"Formulario de contacto\" novalidate=\"novalidate\" data-status=\"init\">\n<fieldset class=\"hidden-fields-container\"><input type=\"hidden\" name=\"_wpcf7\" value=\"124\" \/><input type=\"hidden\" name=\"_wpcf7_version\" value=\"6.1.5\" \/><input type=\"hidden\" name=\"_wpcf7_locale\" value=\"es_ES\" \/><input type=\"hidden\" name=\"_wpcf7_unit_tag\" value=\"wpcf7-f124-o1\" \/><input type=\"hidden\" name=\"_wpcf7_container_post\" value=\"0\" \/><input type=\"hidden\" name=\"_wpcf7_posted_data_hash\" value=\"\" \/>\n<\/fieldset>\n<p>Su nombre (requerido)\n<\/p>\n<p><span class=\"wpcf7-form-control-wrap\" data-name=\"your-name\"><input size=\"40\" maxlength=\"400\" class=\"wpcf7-form-control wpcf7-text wpcf7-validates-as-required\" aria-required=\"true\" aria-invalid=\"false\" value=\"\" type=\"text\" name=\"your-name\" \/><\/span>\n<\/p>\n<p>Su correo electr\u00f3nico (requerido)\n<\/p>\n<p><span class=\"wpcf7-form-control-wrap\" data-name=\"your-email\"><input size=\"40\" maxlength=\"400\" class=\"wpcf7-form-control wpcf7-email wpcf7-validates-as-required wpcf7-text wpcf7-validates-as-email\" aria-required=\"true\" aria-invalid=\"false\" value=\"\" type=\"email\" name=\"your-email\" \/><\/span>\n<\/p>\n<p>Asunto\n<\/p>\n<p><span class=\"wpcf7-form-control-wrap\" data-name=\"your-subject\"><input size=\"40\" maxlength=\"400\" class=\"wpcf7-form-control wpcf7-text\" aria-invalid=\"false\" value=\"\" type=\"text\" name=\"your-subject\" \/><\/span>\n<\/p>\n<p>Escriba su mensaje\n<\/p>\n<p><span class=\"wpcf7-form-control-wrap\" data-name=\"your-message\"><textarea cols=\"40\" rows=\"10\" maxlength=\"2000\" class=\"wpcf7-form-control wpcf7-textarea\" aria-invalid=\"false\" name=\"your-message\"><\/textarea><\/span>\n<\/p>\n<p><input class=\"wpcf7-form-control wpcf7-submit has-spinner\" type=\"submit\" value=\"Enviar\" \/>\n<\/p><div class=\"wpcf7-response-output\" aria-hidden=\"true\"><\/div>\n<\/form>\n<\/div>\n\n\n\n<iframe src=\"https:\/\/www.google.com\/maps\/embed?pb=!1m18!1m12!1m3!1d3989.779309795325!2d-79.19692028524666!3d-0.2533683998151394!2m3!1f0!2f0!3f0!3m2!1i1024!2i768!4f13.1!3m3!1m2!1s0x0%3A0xf81b51c1d2e65b10!2zMMKwMTUnMTIuMSJTIDc5wrAxMSc0MS4wIlc!5e0!3m2!1ses!2sec!4v1651614684743!5m2!1ses!2sec\" width=\"100%\" height=\"450\" style=\"border:0;\" allowfullscreen=\"\" loading=\"lazy\" referrerpolicy=\"no-referrer-when-downgrade\"><\/iframe>\n\n\n\n<h2 class=\"wp-block-heading\">Provincia:<\/h2>\n\n\n\n<p>&nbsp;Santo Domingo de los Ts\u00e1chilas<\/p>\n\n\n\n<h2 class=\"wp-block-heading\">Ciudad:<\/h2>\n\n\n\n<p>Santo Domingo<\/p>\n\n\n\n<h2 class=\"wp-block-heading\">Direcci\u00f3n:<\/h2>\n\n\n\n<p>Av. V\u00edctor Alfonso L\u00f3pez 15-C y calle Panam\u00e1, frente al Conjunto Habitacional Portofino<\/p>\n\n\n\n<p>Fono: 3751593<\/p>\n\n\n\n<p>Cel: <\/p>\n\n\n\n<h2 class=\"wp-block-heading\">&nbsp;<\/h2>\n\n\n\n<h2 class=\"wp-block-heading\">Correos<\/h2>\n\n\n\n<p>info@canal41sd.com<\/p>\n\n\n\n<p>darias@canal41sd.com<\/p>\n\n\n\n<p>warias@canal41sd.com<\/p>\n\n\n\n<p>yvelez@canal41sd.com<\/p>\n\n\n\n<h2 class=\"wp-block-heading\">Cobertura:<\/h2>\n\n\n\n<p>&nbsp;Santo Domingo de los Ts\u00e1chilas y sus alrededores.<\/p>\n","protected":false},"excerpt":{"rendered":"<p>Si desea comunicarse con nosotros, solicitar informaci\u00f3n, realizar denuncias o consultar tar\u00edfas, dirijase a nosotros a trav\u00e9z de este formulario<\/p>\n","protected":false},"author":1,"featured_media":0,"parent":0,"menu_order":0,"comment_status":"closed","ping_status":"closed","template":"","meta":{"colormag_page_container_layout":"default_layout","colormag_page_sidebar_layout":"default_layout","footnotes":""},"class_list":["post-27","page","type-page","status-publish","hentry"],"_links":{"self":[{"href":"https:\/\/90-9fm.com\/wp\/wp-json\/wp\/v2\/pages\/27","targetHints":{"allow":["GET"]}}],"collection":[{"href":"https:\/\/90-9fm.com\/wp\/wp-json\/wp\/v2\/pages"}],"about":[{"href":"https:\/\/90-9fm.com\/wp\/wp-json\/wp\/v2\/types\/page"}],"author":[{"embeddable":true,"href":"https:\/\/90-9fm.com\/wp\/wp-json\/wp\/v2\/users\/1"}],"replies":[{"embeddable":true,"href":"https:\/\/90-9fm.com\/wp\/wp-json\/wp\/v2\/comments?post=27"}],"version-history":[{"count":5,"href":"https:\/\/90-9fm.com\/wp\/wp-json\/wp\/v2\/pages\/27\/revisions"}],"predecessor-version":[{"id":2791,"href":"https:\/\/90-9fm.com\/wp\/wp-json\/wp\/v2\/pages\/27\/revisions\/2791"}],"wp:attachment":[{"href":"https:\/\/90-9fm.com\/wp\/wp-json\/wp\/v2\/media?parent=27"}],"curies":[{"name":"wp","href":"https:\/\/api.w.org\/{rel}","templated":true}]}}